{"id":1354,"date":"2025-05-14T12:08:33","date_gmt":"2025-05-14T12:08:33","guid":{"rendered":"https:\/\/igrejadeus.com.br\/devocional\/?page_id=1354"},"modified":"2025-05-16T15:29:46","modified_gmt":"2025-05-16T15:29:46","slug":"calendario","status":"publish","type":"page","link":"https:\/\/igrejadeus.com.br\/devocional\/calendario\/","title":{"rendered":"Calendario"},"content":{"rendered":"\t\t<div data-elementor-type=\"wp-page\" data-elementor-id=\"1354\" class=\"elementor elementor-1354\" data-elementor-post-type=\"page\">\n\t\t\t\t\t\t<section class=\"elementor-section elementor-top-section elementor-element elementor-element-fdb8f41 elementor-section-boxed elementor-section-height-default elementor-section-height-default\" data-id=\"fdb8f41\" data-element_type=\"section\" data-e-type=\"section\">\n\t\t\t\t\t\t<div class=\"elementor-container elementor-column-gap-default\">\n\t\t\t\t\t<div class=\"elementor-column elementor-col-100 elementor-top-column elementor-element elementor-element-3687fc0\" data-id=\"3687fc0\" data-element_type=\"column\" data-e-type=\"column\">\n\t\t\t<div class=\"elementor-widget-wrap elementor-element-populated\">\n\t\t\t\t\t\t<div class=\"elementor-element elementor-element-883e4b4 elementor-widget elementor-widget-html\" data-id=\"883e4b4\" data-element_type=\"widget\" data-e-type=\"widget\" data-widget_type=\"html.default\">\n\t\t\t\t<div class=\"elementor-widget-container\">\n\t\t\t\t\t  <center>\r\n    <div class=\"container\">\r\n      <h1>Escolha seu devocional clicando no dia correspondente<\/h1>\r\n\r\n      <!-- Calend\u00e1rio -->\r\n      <div id=\"calendar\">\r\n        <div class=\"calendar-header\">\r\n          <button id=\"prevMonthBtn\">&lt;<\/button>\r\n          <h2 id=\"currentMonth\"><\/h2>\r\n          <button id=\"nextMonthBtn\">&gt;<\/button>\r\n        <\/div>\r\n        <div class=\"calendar-grid\" id=\"calendarGrid\"><\/div>\r\n      <\/div>\r\n    <\/div>\r\n  <\/center>\r\n\r\n  <script>\r\n    const months = [\r\n      \"Janeiro\", \"Fevereiro\", \"Marco\", \"Abril\", \"Maio\", \"Junho\",\r\n      \"Julho\", \"Agosto\", \"Setembro\", \"Outubro\", \"Novembro\", \"Dezembro\"\r\n    ];\r\n\r\n    let currentMonth = new Date().getMonth();\r\n    let currentYear = new Date().getFullYear();\r\n    const today = new Date().getDate();\r\n\r\n    const calendar = document.getElementById(\"calendar\");\r\n    const currentMonthElement = document.getElementById(\"currentMonth\");\r\n    const calendarGrid = document.getElementById(\"calendarGrid\");\r\n    const prevMonthBtn = document.getElementById(\"prevMonthBtn\");\r\n    const nextMonthBtn = document.getElementById(\"nextMonthBtn\");\r\n\r\n    \/\/ Fun\u00e7\u00e3o para gerar o calend\u00e1rio\r\n    function generateCalendar(month, year) {\r\n      calendarGrid.innerHTML = \"\";\r\n      const firstDay = new Date(year, month, 1);\r\n      const lastDay = new Date(year, month + 1, 0);\r\n      const daysInMonth = lastDay.getDate();\r\n      const startDay = firstDay.getDay();\r\n\r\n      currentMonthElement.textContent = months[month];\r\n\r\n      \/\/ Preencher dias vazios no in\u00edcio do m\u00eas\r\n      for (let i = 0; i < startDay; i++) {\r\n        const emptyDay = document.createElement(\"div\");\r\n        calendarGrid.appendChild(emptyDay);\r\n      }\r\n\r\n      \/\/ Preencher os dias do m\u00eas com links\r\n      for (let day = 1; day <= daysInMonth; day++) {\r\n        const dayLink = document.createElement(\"a\");\r\n        dayLink.textContent = day;\r\n        dayLink.href = getDevotionalLink(month, day);\r\n        dayLink.target = \"\"; \/\/ Abre o link na mesma aba\r\n\r\n        \/\/ Destacar o dia atual\r\n        if (day === today && month === new Date().getMonth() && year === new Date().getFullYear()) {\r\n          dayLink.classList.add(\"today\");\r\n        }\r\n\r\n        calendarGrid.appendChild(dayLink);\r\n      }\r\n    }\r\n\r\n    \/\/ Fun\u00e7\u00e3o para gerar o link do devocional\r\n    function getDevotionalLink(month, day) {\r\n      const monthName = months[month].toLowerCase();\r\n      const dayNumber = day;\r\n      return `https:\/\/igrejadeus.com.br\/devocional\/${monthName}${dayNumber}`;\r\n    }\r\n\r\n    \/\/ Navega\u00e7\u00e3o entre meses\r\n    prevMonthBtn.addEventListener(\"click\", () => {\r\n      currentMonth--;\r\n      if (currentMonth < 0) {\r\n        currentMonth = 11;\r\n        currentYear--;\r\n      }\r\n      generateCalendar(currentMonth, currentYear);\r\n    });\r\n\r\n    nextMonthBtn.addEventListener(\"click\", () => {\r\n      currentMonth++;\r\n      if (currentMonth > 11) {\r\n        currentMonth = 0;\r\n        currentYear++;\r\n      }\r\n      generateCalendar(currentMonth, currentYear);\r\n    });\r\n\r\n    \/\/ Gerar calend\u00e1rio ao carregar a p\u00e1gina\r\n    window.addEventListener(\"load\", () => {\r\n      generateCalendar(currentMonth, currentYear);\r\n    });\r\n  <\/script>\t\t\t\t<\/div>\n\t\t\t\t<\/div>\n\t\t\t\t\t<\/div>\n\t\t<\/div>\n\t\t\t\t\t<\/div>\n\t\t<\/section>\n\t\t\t\t<\/div>\n\t\t","protected":false},"excerpt":{"rendered":"<p>Escolha seu devocional clicando no dia correspondente &lt; &gt;<\/p>\n","protected":false},"author":1,"featured_media":0,"parent":0,"menu_order":0,"comment_status":"closed","ping_status":"closed","template":"","meta":{"site-sidebar-layout":"no-sidebar","site-content-layout":"","ast-site-content-layout":"full-width-container","site-content-style":"default","site-sidebar-style":"default","ast-global-header-display":"","ast-banner-title-visibility":"","ast-main-header-display":"","ast-hfb-above-header-display":"","ast-hfb-below-header-display":"","ast-hfb-mobile-header-display":"","site-post-title":"disabled","ast-breadcrumbs-content":"","ast-featured-img":"disabled","footer-sml-layout":"","ast-disable-related-posts":"","theme-transparent-header-meta":"default","adv-header-id-meta":"","stick-header-meta":"","header-above-stick-meta":"","header-main-stick-meta":"","header-below-stick-meta":"","astra-migrate-meta-layouts":"set","ast-page-background-enabled":"default","ast-page-background-meta":{"desktop":{"background-color":"var(--ast-global-color-5)","background-image":"","background-repeat":"repeat","background-position":"center center","background-size":"auto","background-attachment":"scroll","background-type":"","background-media":"","overlay-type":"","overlay-color":"","overlay-opacity":"","overlay-gradient":""},"tablet":{"background-color":"","background-image":"","background-repeat":"repeat","background-position":"center center","background-size":"auto","background-attachment":"scroll","background-type":"","background-media":"","overlay-type":"","overlay-color":"","overlay-opacity":"","overlay-gradient":""},"mobile":{"background-color":"","background-image":"","background-repeat":"repeat","background-position":"center center","background-size":"auto","background-attachment":"scroll","background-type":"","background-media":"","overlay-type":"","overlay-color":"","overlay-opacity":"","overlay-gradient":""}},"ast-content-background-meta":{"desktop":{"background-color":"var(--ast-global-color-4)","background-image":"","background-repeat":"repeat","background-position":"center center","background-size":"auto","background-attachment":"scroll","background-type":"","background-media":"","overlay-type":"","overlay-color":"","overlay-opacity":"","overlay-gradient":""},"tablet":{"background-color":"var(--ast-global-color-4)","background-image":"","background-repeat":"repeat","background-position":"center center","background-size":"auto","background-attachment":"scroll","background-type":"","background-media":"","overlay-type":"","overlay-color":"","overlay-opacity":"","overlay-gradient":""},"mobile":{"background-color":"var(--ast-global-color-4)","background-image":"","background-repeat":"repeat","background-position":"center center","background-size":"auto","background-attachment":"scroll","background-type":"","background-media":"","overlay-type":"","overlay-color":"","overlay-opacity":"","overlay-gradient":""}},"footnotes":""},"class_list":["post-1354","page","type-page","status-publish","hentry"],"_links":{"self":[{"href":"https:\/\/igrejadeus.com.br\/devocional\/wp-json\/wp\/v2\/pages\/1354","targetHints":{"allow":["GET"]}}],"collection":[{"href":"https:\/\/igrejadeus.com.br\/devocional\/wp-json\/wp\/v2\/pages"}],"about":[{"href":"https:\/\/igrejadeus.com.br\/devocional\/wp-json\/wp\/v2\/types\/page"}],"author":[{"embeddable":true,"href":"https:\/\/igrejadeus.com.br\/devocional\/wp-json\/wp\/v2\/users\/1"}],"replies":[{"embeddable":true,"href":"https:\/\/igrejadeus.com.br\/devocional\/wp-json\/wp\/v2\/comments?post=1354"}],"version-history":[{"count":13,"href":"https:\/\/igrejadeus.com.br\/devocional\/wp-json\/wp\/v2\/pages\/1354\/revisions"}],"predecessor-version":[{"id":1442,"href":"https:\/\/igrejadeus.com.br\/devocional\/wp-json\/wp\/v2\/pages\/1354\/revisions\/1442"}],"wp:attachment":[{"href":"https:\/\/igrejadeus.com.br\/devocional\/wp-json\/wp\/v2\/media?parent=1354"}],"curies":[{"name":"wp","href":"https:\/\/api.w.org\/{rel}","templated":true}]}}