{"id":18331,"date":"2025-05-05T20:13:57","date_gmt":"2025-05-05T23:13:57","guid":{"rendered":"https:\/\/igrejadeus.com.br\/biblia\/?page_id=18331"},"modified":"2025-09-08T10:20:26","modified_gmt":"2025-09-08T13:20:26","slug":"inicio","status":"publish","type":"page","link":"https:\/\/igrejadeus.com.br\/biblia\/","title":{"rendered":"Inicio"},"content":{"rendered":"\t\t<div data-elementor-type=\"wp-page\" data-elementor-id=\"18331\" class=\"elementor elementor-18331\" data-elementor-post-type=\"page\">\n\t\t\t\t<div class=\"elementor-element elementor-element-634ecef5 e-flex e-con-boxed e-con e-parent\" data-id=\"634ecef5\" data-element_type=\"container\" data-e-type=\"container\" data-settings=\"{&quot;background_background&quot;:&quot;classic&quot;,&quot;animation&quot;:&quot;none&quot;}\">\n\t\t\t\t\t<div class=\"e-con-inner\">\n\t\t\t\t<div class=\"elementor-element elementor-element-8b5ccc8 elementor-widget elementor-widget-text-editor\" data-id=\"8b5ccc8\" data-element_type=\"widget\" data-e-type=\"widget\" data-settings=\"{&quot;_animation&quot;:&quot;none&quot;}\" data-widget_type=\"text-editor.default\">\n\t\t\t\t<div class=\"elementor-widget-container\">\n\t\t\t\t\t\t\t\t\t  <h2>Antigo Testamento<\/h2>\n  <div class=\"grid\">\n    <!-- Pentateuco -->\n    <a href=\"https:\/\/www.igrejadeus.com.br\/biblia\/genesis\/1\" class=\"livro pentateuco\"><div class=\"sigla\">Gn<\/div><div class=\"nome\">G\u00eanesis<\/div><\/a>\n    <a href=\"https:\/\/www.igrejadeus.com.br\/biblia\/exodo\/1\" class=\"livro pentateuco\"><div class=\"sigla\">Ex<\/div><div class=\"nome\">\u00caxodo<\/div><\/a>\n    <a href=\"https:\/\/www.igrejadeus.com.br\/biblia\/levitico\/1\" class=\"livro pentateuco\"><div class=\"sigla\">Lv<\/div><div class=\"nome\">Lev\u00edtico<\/div><\/a>\n    <a href=\"https:\/\/www.igrejadeus.com.br\/biblia\/numeros\/1\" class=\"livro pentateuco\"><div class=\"sigla\">Nm<\/div><div class=\"nome\">N\u00fameros<\/div><\/a>\n    <a href=\"https:\/\/www.igrejadeus.com.br\/biblia\/deuteronomio\/1\" class=\"livro pentateuco\"><div class=\"sigla\">Dt<\/div><div class=\"nome\">Deuter.<\/div><\/a>\n\n    <!-- Hist\u00f3ricos -->\n    <a href=\"https:\/\/www.igrejadeus.com.br\/biblia\/josue\/1\" class=\"livro historicos\"><div class=\"sigla\">Js<\/div><div class=\"nome\">Josu\u00e9<\/div><\/a>\n    <a href=\"https:\/\/www.igrejadeus.com.br\/biblia\/juizes\/1\" class=\"livro historicos\"><div class=\"sigla\">Jz<\/div><div class=\"nome\">Ju\u00edzes<\/div><\/a>\n    <a href=\"https:\/\/www.igrejadeus.com.br\/biblia\/rute\/1\" class=\"livro historicos\"><div class=\"sigla\">Rt<\/div><div class=\"nome\">Rute<\/div><\/a>\n    <a href=\"https:\/\/www.igrejadeus.com.br\/biblia\/1samuel\/1\" class=\"livro historicos\"><div class=\"sigla\">1Sm<\/div><div class=\"nome\">1 Samuel<\/div><\/a>\n    <a href=\"https:\/\/www.igrejadeus.com.br\/biblia\/2samuel\/1\" class=\"livro historicos\"><div class=\"sigla\">2Sm<\/div><div class=\"nome\">2 Samuel<\/div><\/a>\n    <a href=\"https:\/\/www.igrejadeus.com.br\/biblia\/1reis\/1\" class=\"livro historicos\"><div class=\"sigla\">1Rs<\/div><div class=\"nome\">1 Reis<\/div><\/a>\n    <a href=\"https:\/\/www.igrejadeus.com.br\/biblia\/2reis\/1\" class=\"livro historicos\"><div class=\"sigla\">2Rs<\/div><div class=\"nome\">2 Reis<\/div><\/a>\n    <a href=\"https:\/\/www.igrejadeus.com.br\/biblia\/1cronicas\/1\" class=\"livro historicos\"><div class=\"sigla\">1Cr<\/div><div class=\"nome\">1 Cr\u00f4n.<\/div><\/a>\n    <a href=\"https:\/\/www.igrejadeus.com.br\/biblia\/2cronicas\/1\" class=\"livro historicos\"><div class=\"sigla\">2Cr<\/div><div class=\"nome\">2 Cr\u00f4n.<\/div><\/a>\n    <a href=\"https:\/\/www.igrejadeus.com.br\/biblia\/esdras\/1\" class=\"livro historicos\"><div class=\"sigla\">Ed<\/div><div class=\"nome\">Esdras<\/div><\/a>\n    <a href=\"https:\/\/www.igrejadeus.com.br\/biblia\/neemias\/1\" class=\"livro historicos\"><div class=\"sigla\">Ne<\/div><div class=\"nome\">Neemias<\/div><\/a>\n    <a href=\"https:\/\/www.igrejadeus.com.br\/biblia\/ester\/1\" class=\"livro historicos\"><div class=\"sigla\">Et<\/div><div class=\"nome\">Ester<\/div><\/a>\n\n    <!-- Po\u00e9ticos -->\n    <a href=\"https:\/\/www.igrejadeus.com.br\/biblia\/jo\/1\" class=\"livro poeticos\"><div class=\"sigla\">J\u00f3<\/div><div class=\"nome\">J\u00f3<\/div><\/a>\n    <a href=\"https:\/\/www.igrejadeus.com.br\/biblia\/salmos\/1\" class=\"livro poeticos\"><div class=\"sigla\">Sl<\/div><div class=\"nome\">Salmos<\/div><\/a>\n    <a href=\"https:\/\/www.igrejadeus.com.br\/biblia\/proverbios\/1\" class=\"livro poeticos\"><div class=\"sigla\">Pv<\/div><div class=\"nome\">Prov\u00e9rbios<\/div><\/a>\n    <a href=\"https:\/\/www.igrejadeus.com.br\/biblia\/eclesiastes\/1\" class=\"livro poeticos\"><div class=\"sigla\">Ec<\/div><div class=\"nome\">Ecles.<\/div><\/a>\n    <a href=\"https:\/\/www.igrejadeus.com.br\/biblia\/cantares\/1\" class=\"livro poeticos\"><div class=\"sigla\">Ct<\/div><div class=\"nome\">C\u00e2nticos<\/div><\/a>\n\n    <!-- Profetas Maiores -->\n    <a href=\"https:\/\/www.igrejadeus.com.br\/biblia\/isaias\/1\" class=\"livro prof-maiores\"><div class=\"sigla\">Is<\/div><div class=\"nome\">Isa\u00edas<\/div><\/a>\n    <a href=\"https:\/\/www.igrejadeus.com.br\/biblia\/jeremias\/1\" class=\"livro prof-maiores\"><div class=\"sigla\">Jr<\/div><div class=\"nome\">Jeremias<\/div><\/a>\n    <a href=\"https:\/\/www.igrejadeus.com.br\/biblia\/lamentacoes\/1\" class=\"livro prof-maiores\"><div class=\"sigla\">Lm<\/div><div class=\"nome\">Lament.<\/div><\/a>\n    <a href=\"https:\/\/www.igrejadeus.com.br\/biblia\/ezequiel\/1\" class=\"livro prof-maiores\"><div class=\"sigla\">Ez<\/div><div class=\"nome\">Ezequiel<\/div><\/a>\n    <a href=\"https:\/\/www.igrejadeus.com.br\/biblia\/daniel\/1\" class=\"livro prof-maiores\"><div class=\"sigla\">Dn<\/div><div class=\"nome\">Daniel<\/div><\/a>\n\n    <!-- Profetas Menores -->\n    <a href=\"https:\/\/www.igrejadeus.com.br\/biblia\/oseias\/1\" class=\"livro prof-menores\"><div class=\"sigla\">Os<\/div><div class=\"nome\">Oseias<\/div><\/a>\n    <a href=\"https:\/\/www.igrejadeus.com.br\/biblia\/joel\/1\" class=\"livro prof-menores\"><div class=\"sigla\">Jl<\/div><div class=\"nome\">Joel<\/div><\/a>\n    <a href=\"https:\/\/www.igrejadeus.com.br\/biblia\/amos\/1\" class=\"livro prof-menores\"><div class=\"sigla\">Am<\/div><div class=\"nome\">Am\u00f3s<\/div><\/a>\n    <a href=\"https:\/\/www.igrejadeus.com.br\/biblia\/obadias\/1\" class=\"livro prof-menores\"><div class=\"sigla\">Ob<\/div><div class=\"nome\">Obadias<\/div><\/a>\n    <a href=\"https:\/\/www.igrejadeus.com.br\/biblia\/jonas\/1\" class=\"livro prof-menores\"><div class=\"sigla\">Jn<\/div><div class=\"nome\">Jonas<\/div><\/a>\n    <a href=\"https:\/\/www.igrejadeus.com.br\/biblia\/miqueias\/1\" class=\"livro prof-menores\"><div class=\"sigla\">Mq<\/div><div class=\"nome\">Miqueias<\/div><\/a>\n    <a href=\"https:\/\/www.igrejadeus.com.br\/biblia\/naum\/1\" class=\"livro prof-menores\"><div class=\"sigla\">Na<\/div><div class=\"nome\">Naum<\/div><\/a>\n    <a href=\"https:\/\/www.igrejadeus.com.br\/biblia\/habacuque\/1\" class=\"livro prof-menores\"><div class=\"sigla\">Hc<\/div><div class=\"nome\">Habac.<\/div><\/a>\n    <a href=\"https:\/\/www.igrejadeus.com.br\/biblia\/sofonias\/1\" class=\"livro prof-menores\"><div class=\"sigla\">Sf<\/div><div class=\"nome\">Sofonias<\/div><\/a>\n    <a href=\"https:\/\/www.igrejadeus.com.br\/biblia\/ageu\/1\" class=\"livro prof-menores\"><div class=\"sigla\">Ag<\/div><div class=\"nome\">Ageu<\/div><\/a>\n    <a href=\"https:\/\/www.igrejadeus.com.br\/biblia\/zacarias\/1\" class=\"livro prof-menores\"><div class=\"sigla\">Zc<\/div><div class=\"nome\">Zacarias<\/div><\/a>\n    <a href=\"https:\/\/www.igrejadeus.com.br\/biblia\/malaquias\/1\" class=\"livro prof-menores\"><div class=\"sigla\">Ml<\/div><div class=\"nome\">Malaq.<\/div><\/a>\n  <\/div>\n\n  <h2>Novo Testamento<\/h2>\n  <div class=\"grid\">\n    <!-- Evangelhos -->\n    <a href=\"https:\/\/www.igrejadeus.com.br\/biblia\/mateus\/1\" class=\"livro evangelhos\"><div class=\"sigla\">Mt<\/div><div class=\"nome\">Mateus<\/div><\/a>\n    <a href=\"https:\/\/www.igrejadeus.com.br\/biblia\/marcos\/1\" class=\"livro evangelhos\"><div class=\"sigla\">Mc<\/div><div class=\"nome\">Marcos<\/div><\/a>\n    <a href=\"https:\/\/www.igrejadeus.com.br\/biblia\/lucas\/1\" class=\"livro evangelhos\"><div class=\"sigla\">Lc<\/div><div class=\"nome\">Lucas<\/div><\/a>\n    <a href=\"https:\/\/www.igrejadeus.com.br\/biblia\/joao\/1\" class=\"livro evangelhos\"><div class=\"sigla\">Jo<\/div><div class=\"nome\">Jo\u00e3o<\/div><\/a>\n\n    <!-- Hist\u00f3rico -->\n    <a href=\"https:\/\/www.igrejadeus.com.br\/biblia\/atos\/1\" class=\"livro historico-nt\"><div class=\"sigla\">At<\/div><div class=\"nome\">Atos<\/div><\/a>\n\n    <!-- Cartas Paulinas -->\n    <a href=\"https:\/\/www.igrejadeus.com.br\/biblia\/romanos\/1\" class=\"livro paulinas\"><div class=\"sigla\">Rm<\/div><div class=\"nome\">Romanos<\/div><\/a>\n    <a href=\"https:\/\/www.igrejadeus.com.br\/biblia\/1corintios\/1\" class=\"livro paulinas\"><div class=\"sigla\">1Co<\/div><div class=\"nome\">1 Cor.<\/div><\/a>\n    <a href=\"https:\/\/www.igrejadeus.com.br\/biblia\/2corintios\/1\" class=\"livro paulinas\"><div class=\"sigla\">2Co<\/div><div class=\"nome\">2 Cor.<\/div><\/a>\n    <a href=\"https:\/\/www.igrejadeus.com.br\/biblia\/galatas\/1\" class=\"livro paulinas\"><div class=\"sigla\">Gl<\/div><div class=\"nome\">G\u00e1latas<\/div><\/a>\n    <a href=\"https:\/\/www.igrejadeus.com.br\/biblia\/efesios\/1\" class=\"livro paulinas\"><div class=\"sigla\">Ef<\/div><div class=\"nome\">Ef\u00e9sios<\/div><\/a>\n    <a href=\"https:\/\/www.igrejadeus.com.br\/biblia\/filipenses\/1\" class=\"livro paulinas\"><div class=\"sigla\">Fp<\/div><div class=\"nome\">Filip.<\/div><\/a>\n    <a href=\"https:\/\/www.igrejadeus.com.br\/biblia\/colossenses\/1\" class=\"livro paulinas\"><div class=\"sigla\">Cl<\/div><div class=\"nome\">Coloss.<\/div><\/a>\n    <a href=\"https:\/\/www.igrejadeus.com.br\/biblia\/1tessalonicenses\/1\" class=\"livro paulinas\"><div class=\"sigla\">1Ts<\/div><div class=\"nome\">1 Tessal.<\/div><\/a>\n    <a href=\"https:\/\/www.igrejadeus.com.br\/biblia\/2tessalonicenses\/1\" class=\"livro paulinas\"><div class=\"sigla\">2Ts<\/div><div class=\"nome\">2 Tessal.<\/div><\/a>\n    <a href=\"https:\/\/www.igrejadeus.com.br\/biblia\/1timoteo\/1\" class=\"livro paulinas\"><div class=\"sigla\">1Tm<\/div><div class=\"nome\">1 Tim\u00f3teo<\/div><\/a>\n    <a href=\"https:\/\/www.igrejadeus.com.br\/biblia\/2timoteo\/1\" class=\"livro paulinas\"><div class=\"sigla\">2Tm<\/div><div class=\"nome\">2 Tim\u00f3teo<\/div><\/a>\n    <a href=\"https:\/\/www.igrejadeus.com.br\/biblia\/tito\/1\" class=\"livro paulinas\"><div class=\"sigla\">Tt<\/div><div class=\"nome\">Tito<\/div><\/a>\n    <a href=\"https:\/\/www.igrejadeus.com.br\/biblia\/filemom\/1\" class=\"livro paulinas\"><div class=\"sigla\">Fm<\/div><div class=\"nome\">Filemom<\/div><\/a>\n    <a href=\"https:\/\/www.igrejadeus.com.br\/biblia\/hebreus\/1\" class=\"livro paulinas\"><div class=\"sigla\">Hb<\/div><div class=\"nome\">Hebreus<\/div><\/a>\n\n    <!-- Cartas Gerais -->\n    <a href=\"https:\/\/www.igrejadeus.com.br\/biblia\/tiago\/1\" class=\"livro gerais\"><div class=\"sigla\">Tg<\/div><div class=\"nome\">Tiago<\/div><\/a>\n    <a href=\"https:\/\/www.igrejadeus.com.br\/biblia\/1pedro\/1\" class=\"livro gerais\"><div class=\"sigla\">1Pe<\/div><div class=\"nome\">1 Pedro<\/div><\/a>\n    <a href=\"https:\/\/www.igrejadeus.com.br\/biblia\/2pedro\/1\" class=\"livro gerais\"><div class=\"sigla\">2Pe<\/div><div class=\"nome\">2 Pedro<\/div><\/a>\n    <a href=\"https:\/\/www.igrejadeus.com.br\/biblia\/1joao\/1\" class=\"livro gerais\"><div class=\"sigla\">1Jo<\/div><div class=\"nome\">1 Jo\u00e3o<\/div><\/a>\n    <a href=\"https:\/\/www.igrejadeus.com.br\/biblia\/2joao\/1\" class=\"livro gerais\"><div class=\"sigla\">2Jo<\/div><div class=\"nome\">2 Jo\u00e3o<\/div><\/a>\n    <a href=\"https:\/\/www.igrejadeus.com.br\/biblia\/3joao\/1\" class=\"livro gerais\"><div class=\"sigla\">3Jo<\/div><div class=\"nome\">3 Jo\u00e3o<\/div><\/a>\n    <a href=\"https:\/\/www.igrejadeus.com.br\/biblia\/judas\/1\" class=\"livro gerais\"><div class=\"sigla\">Jd<\/div><div class=\"nome\">Judas<\/div><\/a>\n\n    <!-- Prof\u00e9tico NT -->\n    <a href=\"https:\/\/www.igrejadeus.com.br\/biblia\/apocalipse\/1\" class=\"livro profetico-nt\"><div class=\"sigla\">Ap<\/div><div class=\"nome\">Apocalipse<\/div><\/a>\n  <\/div>\n <!-- Aqui ficariam os grids com todos os livros (j\u00e1 te passei na vers\u00e3o anterior) -->\n<\/br><\/br>\n  <div class=\"legenda\">\n  <h3>\ud83d\udcd6 Explica\u00e7\u00e3o das cores<\/h3>\n  <div class=\"legenda-grid\">\n    <div class=\"legenda-item\"><div class=\"cor pentateuco\"><\/div>\ud83d\udcdc Pentateuco <\/div>\n    <div class=\"legenda-item\"><div class=\"cor historicos\"><\/div>\ud83c\udff0 Hist\u00f3ricos <\/div>\n    <div class=\"legenda-item\"><div class=\"cor poeticos\"><\/div>\ud83c\udfb6 Po\u00e9ticos <\/div>\n    <div class=\"legenda-item\"><div class=\"cor prof-maiores\"><\/div>\ud83d\udd25 Profetas Maiores <\/div>\n    <div class=\"legenda-item\"><div class=\"cor prof-menores\"><\/div>\ud83c\udf3f Profetas Menores <\/div>\n    <div class=\"legenda-item\"><div class=\"cor evangelhos\"><\/div>\u271d\ufe0f Evangelhos <\/div>\n    <div class=\"legenda-item\"><div class=\"cor historico-nt\"><\/div>\ud83d\udcd6 Hist\u00f3rico (Atos) <\/div>\n    <div class=\"legenda-item\"><div class=\"cor paulinas\"><\/div>\ud83d\udcdd Cartas Paulinas <\/div>\n    <div class=\"legenda-item\"><div class=\"cor gerais\"><\/div>\ud83d\udcdc Cartas Gerais <\/div>\n    <div class=\"legenda-item\"><div class=\"cor profetico-nt\"><\/div>\ud83d\udd2e Prof\u00e9tico (Apocalipse) <\/div>\n  <\/div>\n<\/div>\t\t\t\t\t\t\t\t<\/div>\n\t\t\t\t<\/div>\n\t\t\t\t\t<\/div>\n\t\t\t\t<\/div>\n\t\t\t\t<\/div>\n\t\t","protected":false},"excerpt":{"rendered":"<p>Antigo Testamento GnG\u00eanesis Ex\u00caxodo LvLev\u00edtico NmN\u00fameros DtDeuter. JsJosu\u00e9 JzJu\u00edzes RtRute 1Sm1 Samuel 2Sm2 Samuel 1Rs1 Reis 2Rs2 Reis 1Cr1 Cr\u00f4n. [&hellip;]<\/p>\n","protected":false},"author":1,"featured_media":0,"parent":0,"menu_order":0,"comment_status":"closed","ping_status":"closed","template":"","meta":{"site-sidebar-layout":"default","site-content-layout":"","ast-site-content-layout":"default","site-content-style":"default","site-sidebar-style":"default","ast-global-header-display":"","ast-banner-title-visibility":"","ast-main-header-display":"","ast-hfb-above-header-display":"","ast-hfb-below-header-display":"","ast-hfb-mobile-header-display":"","site-post-title":"","ast-breadcrumbs-content":"","ast-featured-img":"","footer-sml-layout":"","ast-disable-related-posts":"","theme-transparent-header-meta":"default","adv-header-id-meta":"","stick-header-meta":"","header-above-stick-meta":"","header-main-stick-meta":"","header-below-stick-meta":"","astra-migrate-meta-layouts":"set","ast-page-background-enabled":"default","ast-page-background-meta":{"desktop":{"background-color":"var(--ast-global-color-4)","background-image":"","background-repeat":"repeat","background-position":"center center","background-size":"auto","background-attachment":"scroll","background-type":"","background-media":"","overlay-type":"","overlay-color":"","overlay-opacity":"","overlay-gradient":""},"tablet":{"background-color":"","background-image":"","background-repeat":"repeat","background-position":"center center","background-size":"auto","background-attachment":"scroll","background-type":"","background-media":"","overlay-type":"","overlay-color":"","overlay-opacity":"","overlay-gradient":""},"mobile":{"background-color":"","background-image":"","background-repeat":"repeat","background-position":"center center","background-size":"auto","background-attachment":"scroll","background-type":"","background-media":"","overlay-type":"","overlay-color":"","overlay-opacity":"","overlay-gradient":""}},"ast-content-background-meta":{"desktop":{"background-color":"var(--ast-global-color-5)","background-image":"","background-repeat":"repeat","background-position":"center center","background-size":"auto","background-attachment":"scroll","background-type":"","background-media":"","overlay-type":"","overlay-color":"","overlay-opacity":"","overlay-gradient":""},"tablet":{"background-color":"var(--ast-global-color-5)","background-image":"","background-repeat":"repeat","background-position":"center center","background-size":"auto","background-attachment":"scroll","background-type":"","background-media":"","overlay-type":"","overlay-color":"","overlay-opacity":"","overlay-gradient":""},"mobile":{"background-color":"var(--ast-global-color-5)","background-image":"","background-repeat":"repeat","background-position":"center center","background-size":"auto","background-attachment":"scroll","background-type":"","background-media":"","overlay-type":"","overlay-color":"","overlay-opacity":"","overlay-gradient":""}},"footnotes":""},"class_list":["post-18331","page","type-page","status-publish","hentry"],"yoast_head":"<!-- This site is optimized with the Yoast SEO plugin v27.0 - https:\/\/yoast.com\/product\/yoast-seo-wordpress\/ -->\n<title>Inicio - Biblia Online<\/title>\n<meta name=\"robots\" content=\"index, follow, max-snippet:-1, max-image-preview:large, max-video-preview:-1\" \/>\n<link rel=\"canonical\" href=\"https:\/\/igrejadeus.com.br\/biblia\/\" \/>\n<meta property=\"og:locale\" content=\"pt_BR\" \/>\n<meta property=\"og:type\" content=\"article\" \/>\n<meta property=\"og:title\" content=\"Inicio - Biblia Online\" \/>\n<meta property=\"og:description\" content=\"Antigo Testamento GnG\u00eanesis Ex\u00caxodo LvLev\u00edtico NmN\u00fameros DtDeuter. JsJosu\u00e9 JzJu\u00edzes RtRute 1Sm1 Samuel 2Sm2 Samuel 1Rs1 Reis 2Rs2 Reis 1Cr1 Cr\u00f4n. [&hellip;]\" \/>\n<meta property=\"og:url\" content=\"https:\/\/igrejadeus.com.br\/biblia\/\" \/>\n<meta property=\"og:site_name\" content=\"Biblia Online\" \/>\n<meta property=\"article:publisher\" content=\"https:\/\/www.facebook.com\/prjulio.fonseca\" \/>\n<meta property=\"article:modified_time\" content=\"2025-09-08T13:20:26+00:00\" \/>\n<meta name=\"twitter:card\" content=\"summary_large_image\" \/>\n<meta name=\"twitter:site\" content=\"@prjulio_fonseca\" \/>\n<meta name=\"twitter:label1\" content=\"Est. tempo de leitura\" \/>\n\t<meta name=\"twitter:data1\" content=\"4 minutos\" \/>\n<script type=\"application\/ld+json\" class=\"yoast-schema-graph\">{\"@context\":\"https:\/\/schema.org\",\"@graph\":[{\"@type\":\"WebPage\",\"@id\":\"https:\/\/igrejadeus.com.br\/biblia\/\",\"url\":\"https:\/\/igrejadeus.com.br\/biblia\/\",\"name\":\"Inicio - Biblia Online\",\"isPartOf\":{\"@id\":\"https:\/\/igrejadeus.com.br\/biblia\/#website\"},\"datePublished\":\"2025-05-05T23:13:57+00:00\",\"dateModified\":\"2025-09-08T13:20:26+00:00\",\"breadcrumb\":{\"@id\":\"https:\/\/igrejadeus.com.br\/biblia\/#breadcrumb\"},\"inLanguage\":\"pt-BR\",\"potentialAction\":[{\"@type\":\"ReadAction\",\"target\":[\"https:\/\/igrejadeus.com.br\/biblia\/\"]}]},{\"@type\":\"BreadcrumbList\",\"@id\":\"https:\/\/igrejadeus.com.br\/biblia\/#breadcrumb\",\"itemListElement\":[{\"@type\":\"ListItem\",\"position\":1,\"name\":\"In\u00edcio\",\"item\":\"https:\/\/igrejadeus.com.br\/biblia\/\"},{\"@type\":\"ListItem\",\"position\":2,\"name\":\"Inicio\"}]},{\"@type\":\"WebSite\",\"@id\":\"https:\/\/igrejadeus.com.br\/biblia\/#website\",\"url\":\"https:\/\/igrejadeus.com.br\/biblia\/\",\"name\":\"Biblia Online\",\"description\":\"Aprendendo a palavra de Deus\",\"publisher\":{\"@id\":\"https:\/\/igrejadeus.com.br\/biblia\/#organization\"},\"potentialAction\":[{\"@type\":\"SearchAction\",\"target\":{\"@type\":\"EntryPoint\",\"urlTemplate\":\"https:\/\/igrejadeus.com.br\/biblia\/?s={search_term_string}\"},\"query-input\":{\"@type\":\"PropertyValueSpecification\",\"valueRequired\":true,\"valueName\":\"search_term_string\"}}],\"inLanguage\":\"pt-BR\"},{\"@type\":\"Organization\",\"@id\":\"https:\/\/igrejadeus.com.br\/biblia\/#organization\",\"name\":\"Biblia Online\",\"url\":\"https:\/\/igrejadeus.com.br\/biblia\/\",\"logo\":{\"@type\":\"ImageObject\",\"inLanguage\":\"pt-BR\",\"@id\":\"https:\/\/igrejadeus.com.br\/biblia\/#\/schema\/logo\/image\/\",\"url\":\"https:\/\/igrejadeus.com.br\/biblia\/wp-content\/uploads\/Banner.png\",\"contentUrl\":\"https:\/\/igrejadeus.com.br\/biblia\/wp-content\/uploads\/Banner.png\",\"width\":1024,\"height\":276,\"caption\":\"Biblia Online\"},\"image\":{\"@id\":\"https:\/\/igrejadeus.com.br\/biblia\/#\/schema\/logo\/image\/\"},\"sameAs\":[\"https:\/\/www.facebook.com\/prjulio.fonseca\",\"https:\/\/x.com\/prjulio_fonseca\",\"https:\/\/www.instagram.com\/prjuliofonseca1\/\",\"https:\/\/www.youtube.com\/@idb-sta-terezinha\/streams\"]}]}<\/script>\n<!-- \/ Yoast SEO plugin. -->","yoast_head_json":{"title":"Inicio - Biblia Online","robots":{"index":"index","follow":"follow","max-snippet":"max-snippet:-1","max-image-preview":"max-image-preview:large","max-video-preview":"max-video-preview:-1"},"canonical":"https:\/\/igrejadeus.com.br\/biblia\/","og_locale":"pt_BR","og_type":"article","og_title":"Inicio - Biblia Online","og_description":"Antigo Testamento GnG\u00eanesis Ex\u00caxodo LvLev\u00edtico NmN\u00fameros DtDeuter. JsJosu\u00e9 JzJu\u00edzes RtRute 1Sm1 Samuel 2Sm2 Samuel 1Rs1 Reis 2Rs2 Reis 1Cr1 Cr\u00f4n. [&hellip;]","og_url":"https:\/\/igrejadeus.com.br\/biblia\/","og_site_name":"Biblia Online","article_publisher":"https:\/\/www.facebook.com\/prjulio.fonseca","article_modified_time":"2025-09-08T13:20:26+00:00","twitter_card":"summary_large_image","twitter_site":"@prjulio_fonseca","twitter_misc":{"Est. tempo de leitura":"4 minutos"},"schema":{"@context":"https:\/\/schema.org","@graph":[{"@type":"WebPage","@id":"https:\/\/igrejadeus.com.br\/biblia\/","url":"https:\/\/igrejadeus.com.br\/biblia\/","name":"Inicio - Biblia Online","isPartOf":{"@id":"https:\/\/igrejadeus.com.br\/biblia\/#website"},"datePublished":"2025-05-05T23:13:57+00:00","dateModified":"2025-09-08T13:20:26+00:00","breadcrumb":{"@id":"https:\/\/igrejadeus.com.br\/biblia\/#breadcrumb"},"inLanguage":"pt-BR","potentialAction":[{"@type":"ReadAction","target":["https:\/\/igrejadeus.com.br\/biblia\/"]}]},{"@type":"BreadcrumbList","@id":"https:\/\/igrejadeus.com.br\/biblia\/#breadcrumb","itemListElement":[{"@type":"ListItem","position":1,"name":"In\u00edcio","item":"https:\/\/igrejadeus.com.br\/biblia\/"},{"@type":"ListItem","position":2,"name":"Inicio"}]},{"@type":"WebSite","@id":"https:\/\/igrejadeus.com.br\/biblia\/#website","url":"https:\/\/igrejadeus.com.br\/biblia\/","name":"Biblia Online","description":"Aprendendo a palavra de Deus","publisher":{"@id":"https:\/\/igrejadeus.com.br\/biblia\/#organization"},"potentialAction":[{"@type":"SearchAction","target":{"@type":"EntryPoint","urlTemplate":"https:\/\/igrejadeus.com.br\/biblia\/?s={search_term_string}"},"query-input":{"@type":"PropertyValueSpecification","valueRequired":true,"valueName":"search_term_string"}}],"inLanguage":"pt-BR"},{"@type":"Organization","@id":"https:\/\/igrejadeus.com.br\/biblia\/#organization","name":"Biblia Online","url":"https:\/\/igrejadeus.com.br\/biblia\/","logo":{"@type":"ImageObject","inLanguage":"pt-BR","@id":"https:\/\/igrejadeus.com.br\/biblia\/#\/schema\/logo\/image\/","url":"https:\/\/igrejadeus.com.br\/biblia\/wp-content\/uploads\/Banner.png","contentUrl":"https:\/\/igrejadeus.com.br\/biblia\/wp-content\/uploads\/Banner.png","width":1024,"height":276,"caption":"Biblia Online"},"image":{"@id":"https:\/\/igrejadeus.com.br\/biblia\/#\/schema\/logo\/image\/"},"sameAs":["https:\/\/www.facebook.com\/prjulio.fonseca","https:\/\/x.com\/prjulio_fonseca","https:\/\/www.instagram.com\/prjuliofonseca1\/","https:\/\/www.youtube.com\/@idb-sta-terezinha\/streams"]}]}},"_links":{"self":[{"href":"https:\/\/igrejadeus.com.br\/biblia\/wp-json\/wp\/v2\/pages\/18331","targetHints":{"allow":["GET"]}}],"collection":[{"href":"https:\/\/igrejadeus.com.br\/biblia\/wp-json\/wp\/v2\/pages"}],"about":[{"href":"https:\/\/igrejadeus.com.br\/biblia\/wp-json\/wp\/v2\/types\/page"}],"author":[{"embeddable":true,"href":"https:\/\/igrejadeus.com.br\/biblia\/wp-json\/wp\/v2\/users\/1"}],"replies":[{"embeddable":true,"href":"https:\/\/igrejadeus.com.br\/biblia\/wp-json\/wp\/v2\/comments?post=18331"}],"version-history":[{"count":172,"href":"https:\/\/igrejadeus.com.br\/biblia\/wp-json\/wp\/v2\/pages\/18331\/revisions"}],"predecessor-version":[{"id":18922,"href":"https:\/\/igrejadeus.com.br\/biblia\/wp-json\/wp\/v2\/pages\/18331\/revisions\/18922"}],"wp:attachment":[{"href":"https:\/\/igrejadeus.com.br\/biblia\/wp-json\/wp\/v2\/media?parent=18331"}],"curies":[{"name":"wp","href":"https:\/\/api.w.org\/{rel}","templated":true}]}}